{"id":391,"date":"2014-03-10T02:17:07","date_gmt":"2014-03-10T02:17:07","guid":{"rendered":"https:\/\/www.cabanonsquebecois.com\/?page_id=391"},"modified":"2014-03-28T07:11:21","modified_gmt":"2014-03-28T07:11:21","slug":"regulations","status":"publish","type":"page","link":"https:\/\/www.cabanonsquebecois.com\/en\/regulations\/","title":{"rendered":"Regulations"},"content":{"rendered":"<p>Depending on which city you live, some laws may apply. <br \/>Please refer to the regulations in your area before making a purchase.<\/p>\n<p>&nbsp;<\/p>\n<h2>Montreal regulations<\/h2>\n<ul>\n<li><a href=\"https:\/\/ville.montreal.qc.ca\/pls\/portal\/docs\/1\/53766068.PDF\" target=\"_blank\">Ahuntsic-Cartierville<\/a><\/li>\n<li><a href=\"https:\/\/ville.montreal.qc.ca\/portal\/page?_pageid=6958,70211716&amp;_dad=portal&amp;_schema=PORTAL\" target=\"_blank\">Anjou<\/a><\/li>\n<li><a href=\"https:\/\/www.baie-durfe.qc.ca\/FRANCAIS\/urb-autres.html\" target=\"_blank\">Baie-D&#8217;Urf\u00e9<\/a><\/li>\n<li><a href=\"https:\/\/www.beaconsfield.ca\/_site\/DOCUMENTS\/PDF\/2009\/AMENAGEMENT_URBAIN\/DEPLIANTS\/FRA\/depliant_cabanons_fra.pdf\" target=\"_blank\">Beaconsfield<\/a><\/li>\n<li><a href=\"https:\/\/ville.montreal.qc.ca\/portal\/page?_pageid=6897,68087700&amp;_dad=portal&amp;_schema=PORTAL\" target=\"_blank\">C\u00f4te-Saint-Luc<\/a><\/li>\n<li><a href=\"https:\/\/www.ville.ddo.qc.ca\/fr\/default.asp?contentID=110\" target=\"_blank\">Dollard-Des Ormeaux<\/a><\/li>\n<li><a href=\"https:\/\/www.ville.dorval.qc.ca\/fr\/default.asp?contentID=533\" target=\"_blank\">Dorval<\/a><\/li>\n<li><a href=\"https:\/\/ville.montreal.qc.ca\/portal\/page?_pageid=6897,68087709&amp;_dad=portal&amp;_schema=PORTAL\" target=\"_blank\">Hampstead<\/a><\/li>\n<li><a href=\"https:\/\/www.ville.kirkland.qc.ca\/services-aux-citoyens\/reglementation-municipale\" target=\"_blank\">Kirkland<\/a><\/li>\n<li><a href=\"https:\/\/ville.montreal.qc.ca\/portal\/page?_pageid=6897,68087652&amp;_dad=portal&amp;_schema=PORTAL\" target=\"_blank\">L&#8217;\u00cele-Bizard\u2014Sainte-Genevi\u00e8ve<\/a><\/li>\n<li><a href=\"https:\/\/servicesenligne2.ville.montreal.qc.ca\/sel\/publications\/PorteAccesTelechargement?lng=Fr&amp;systemName=69945629&amp;client=Lasal\" target=\"_blank\">LaSalle<\/a><\/li>\n<li><a href=\"https:\/\/ville.montreal.qc.ca\/pls\/portal\/docs\/PAGE\/ARR_SO_FR\/MEDIA\/DOCUMENTS\/FICHE%20-%20D%C9PENDANCES%20VRAI%20DE%20VRAI.PDF\" target=\"_blank\">Le Sud-Ouest<\/a><\/li>\n<li><a href=\"https:\/\/ville.montreal.qc.ca\/portal\/page?_pageid=6897,68087655&amp;_dad=portal&amp;_schema=PORTAL\" target=\"_blank\">Mercier\u2014Hochelaga-Maisonneuve<\/a><\/li>\n<li><a href=\"https:\/\/ville.montreal-est.qc.ca\/site\/index.php?option=com_content&amp;view=article&amp;id=70&amp;Itemid=57&amp;lang=fr\" target=\"_blank\">Montr\u00e9al Est<\/a><\/li>\n<li><a href=\"https:\/\/ville.montreal.qc.ca\/portal\/page?_pageid=6897,68087737&amp;_dad=portal&amp;_schema=PORTAL\" target=\"_blank\">Mont-Royal<\/a><\/li>\n<li><a href=\"https:\/\/ville.montreal.qc.ca\/portal\/page?_pageid=6897,68087661&amp;_dad=portal&amp;_schema=PORTAL\" target=\"_blank\">Outremont<\/a><\/li>\n<li><a href=\"https:\/\/ville.montreal.qc.ca\/portal\/page?_pageid=6897,68087664&amp;_dad=portal&amp;_schema=PORTAL\" target=\"_blank\">Pierrefonds-Roxboro<\/a><\/li>\n<li><a href=\"https:\/\/www.ville.pointe-claire.qc.ca\/fr_1454_index.php\" target=\"_blank\">Pointe-Claire<\/a><\/li>\n<li><a href=\"https:\/\/ville.montreal.qc.ca\/portal\/page?_pageid=6897,68087743&amp;_dad=portal&amp;_schema=PORTAL\" target=\"_blank\">Sainte Anne de Bellevue<\/a><\/li>\n<li><a href=\"https:\/\/ville.montreal.qc.ca\/portal\/page?_pageid=6897,68087673&amp;_dad=portal&amp;_schema=PORTAL\" target=\"_blank\">Saint-Laurent<\/a><\/li>\n<li><a href=\"https:\/\/ville.montreal.qc.ca\/portal\/page?_pageid=7157,74689793&amp;_dad=portal&amp;_schema=PORTAL\" target=\"_blank\">Saint-L\u00e9onard<\/a><\/li>\n<li><a href=\"https:\/\/ville.montreal.qc.ca\/portal\/page?_pageid=6897,68087746&amp;_dad=portal&amp;_schema=PORTAL\" target=\"_blank\">Senneville<\/a><\/li>\n<li><a href=\"https:\/\/ville.montreal.qc.ca\/portal\/page?_pageid=6897,68087755&amp;_dad=portal&amp;_schema=PORTAL\" target=\"_blank\">Ville de Montr\u00e9al<\/a><\/li>\n<li><a href=\"https:\/\/ville.montreal.qc.ca\/portal\/page?_pageid=6897,68087685&amp;_dad=portal&amp;_schema=PORTAL\" target=\"_blank\">Villeray\u2014Saint-Michel\u2014Parc-Extension<\/a><\/li>\n<li><a href=\"https:\/\/ville.montreal.qc.ca\/portal\/page?_pageid=6897,68087749&amp;_dad=portal&amp;_schema=PORTAL\" target=\"_blank\">Westmount<\/a><\/li>\n<\/ul>\n<p>&nbsp;<\/p>\n<h2>South shore\u00a0regulations<\/h2>\n<ul>\n<li><a href=\"https:\/\/www.ville.boucherville.qc.ca\/web\/doc\/pdf\/guides_permis\/remise_a_jardin.PDF\" target=\"_blank\">Boucherville<\/a><\/li>\n<li><a href=\"https:\/\/www.ville.boucherville.qc.ca\/web\/doc\/pdf\/guides_permis\/remise_a_jardin.PDF\" target=\"_blank\">Brossard<\/a><\/li>\n<li><a href=\"https:\/\/www.ville.candiac.qc.ca\/fckDocs\/file\/fr\/AVotreService\/reglements\/555-7.1.2.1.2-Batimentutilitaire.pdf\" target=\"_blank\">Candiac<\/a><\/li>\n<li><a href=\"https:\/\/www.ville.contrecoeur.qc.ca\/web\/doc\/CHAP6-201341015327.pdf\" target=\"_blank\">Contrec\u0153ur<\/a><\/li>\n<li><a href=\"https:\/\/www.ville.delson.qc.ca\/services-aux-citoyens\/services-municipaux\/urbanisme\/reglementation-d-urbanisme\/#remise\" target=\"_blank\">Delson<\/a><\/li>\n<li><a href=\"https:\/\/www.longueuil.ca\/fr\/urbanisme\" target=\"_blank\">Greenfield park<\/a><\/li>\n<li><a href=\"https:\/\/www.ville.laprairie.qc.ca\/fr\/milieu\/nav\/Reglementation.html\" target=\"_blank\">La Prairie<\/a><\/li>\n<li><a href=\"https:\/\/www.ile-perrot.qc.ca\/pages\/pdf\/guichet\/2010_demande_permis_cert.pdf\" target=\"_blank\">Lile Perrot<\/a><\/li>\n<li><a href=\"https:\/\/www.longueuil.ca\/\" target=\"_blank\">Longeuil<\/a><\/li>\n<li><a href=\"https:\/\/www.ville.mont-saint-hilaire.qc.ca\/site\/pages\/Services-aux-citoyens\/Remises_%C3%A0_jardin.pdf\" target=\"_blank\">Mont-St-Hilaire<\/a><\/li>\n<li><a href=\"https:\/\/ville.otterburnpark.qc.ca\/cgi-bin\/index.cgi?page=c3_7_0&amp;langue=fra#remisejardin\" target=\"_blank\">Otterburn Park<\/a><\/li>\n<li><a href=\"https:\/\/www.longueuil.ca\/\" target=\"_blank\">Saint Hubert<\/a><\/li>\n<li><a href=\"https:\/\/www.ville.stbruno.qc.ca\/sites\/default\/files\/Fiche_Remise.pdf\" target=\"_blank\">Saint-Bruno<\/a><\/li>\n<li><a href=\"https:\/\/www.ville.saint-constant.qc.ca\/01_servicesmunicipaux\/07_urbanisme\/reglementation.php\" target=\"_blank\">Saint-Constant<\/a><\/li>\n<li><a href=\"https:\/\/www.ville.sainte-julie.qc.ca\/cgi-bin\/index.cgi?page=c3_3_4_24&amp;langue=fra\" target=\"_blank\">Saint-Julie<\/a><\/li>\n<li><a href=\"https:\/\/st-mathias.org\/spip.php?article144\" target=\"_blank\">Saint-Lazare<\/a><\/li>\n<li><a href=\"https:\/\/st-mathias.org\/spip.php?article144\" target=\"_blank\">Saint-Mathias-sur-Richelieu<\/a><\/li>\n<li><a href=\"https:\/\/www.ville.varennes.qc.ca\/urbanisme\/remise_707.pdf\" target=\"_blank\">Varennes<\/a><\/li>\n<li><a href=\"https:\/\/www.vsll.ca\/services\/?id=27&amp;PHPSESSID=b47c822bfce9c96fc9086fb2d5749c98\" target=\"_blank\">Vaudreuil-sur-le-Lac<\/a><\/li>\n<li><a href=\"https:\/\/www.longueuil.ca\/\" target=\"_blank\">Verch\u00e8res<\/a><\/li>\n<li><a href=\"https:\/\/www.longueuil.ca\/\" target=\"_blank\">Vieux Longueuil<\/a><\/li>\n<li><a href=\"https:\/\/www.ville.mercier.qc.ca\/pdf\/04_services_admin\/reglements\/cabanons.pdf\" target=\"_blank\">Ville de Mercie<\/a><\/li>\n<\/ul>\n<p>&nbsp;<\/p>\n<h2>North shore regulations<\/h2>\n<ul>\n<li><a href=\"https:\/\/blainville.ca\/citoyens\/reglements-et-permis\/cabanon-remise-a-jardin\/\" target=\"_blank\">Blainville<\/a><\/li>\n<li><a href=\"https:\/\/ville.bois-des-filion.qc.ca\/?4347D1B7-F91A-4177-BB30-6D9366B129E7&amp;parameters=highlight:cabanons\" target=\"_blank\">Bois des filion<\/a><\/li>\n<li><a href=\"https:\/\/www.ville.boisbriand.qc.ca\/services-aux-citoyens\/reglements-et-permis\/remise-a-jardin.html\" target=\"_blank\">Boisbriand<\/a><\/li>\n<li><a href=\"https:\/\/ville.charlemagne.qc.ca\/upload\/ville.charlemagne\/editor\/asset\/B%C3%A2timents%20compl%C3%A9mentaires.pdf\" target=\"_blank\">Charlemagne<\/a><\/li>\n<li><a href=\"https:\/\/www.ville.deux-montagnes.qc.ca\/pages\/Fiche%20permis%20-%20Batiments%20accessoires.pdf\" target=\"_blank\">Deux montagne<\/a><\/li>\n<li><a href=\"https:\/\/ville.joliette.nexion.biz\/index.jsp?p=116\" target=\"_blank\">Joliette<\/a><\/li>\n<li><a href=\"https:\/\/www.ville.lassomption.qc.ca\/documents\/u_zonage\/regle_119_56_2011.pdf\" target=\"_blank\">l&#8217;assomption<\/a><\/li>\n<li><a href=\"https:\/\/www.ville.lepiphanie.qc.ca\/index.php?option=com_content&amp;view=category&amp;layout=blog&amp;id=95&amp;Itemid=127#cabanon\" target=\"_blank\">L&#8217;epiphanie<\/a><\/li>\n<li><a href=\"https:\/\/www.ville.laval.qc.ca\/wlav2\/wlav.page.show?p_id=134\" target=\"_blank\">Laval<\/a><\/li>\n<li><a href=\"https:\/\/www.ville.lavaltrie.qc.ca\/uploads\/editor\/file\/Resume_des_dispositions_reglementaires_batiments_accessoires.pdf\" target=\"_blank\">lavaltrie<\/a><\/li>\n<li><a href=\"https:\/\/ville.mascouche.qc.ca\/nouvelles-un-projet-de-construction-3262.php\" target=\"_blank\">Mascouche<\/a><\/li>\n<li><a href=\"https:\/\/www.municipalite.oka.qc.ca\/fr\/communication\/urbanisme\/index.php\" target=\"_blank\">Oka<\/a><\/li>\n<li><a href=\"https:\/\/municipalite.pointe-calumet.qc.ca\/urbanisme.php\" target=\"_blank\">Point calumet<\/a><\/li>\n<li><a href=\"https:\/\/www.ville.repentigny.qc.ca\/Vie-Citoyenne\/Urbanisme\/Reglements\/Batiment-accessoire-d-entreposage.aspx\" target=\"_blank\">Repentigny<\/a><\/li>\n<li><a href=\"https:\/\/ville.rosemere.qc.ca\/urbanisme-permis-et-inspections\/\" target=\"_blank\">Rosemere<\/a><\/li>\n<li><a href=\"https:\/\/ville.saint-eustache.qc.ca\/fr\/renseignements_generaux\/reglements-remise.asp\" target=\"_blank\">Saint eustache<\/a><\/li>\n<li><a href=\"https:\/\/ville.ste-anne-des-plaines.qc.ca\/fr\/documents\/batiment-acc-sadp.pdf\" target=\"_blank\">Saint-Anne-des-Plaine<\/a><\/li>\n<li><a href=\"https:\/\/www.ville.saint-jerome.qc.ca\/pages\/aVivre\/ServiceUrbanisme\/remises-et-espaces-de-rangement-fermes.aspx#title\" target=\"_blank\">Saint-J\u00e9rome<\/a><\/li>\n<li><a href=\"https:\/\/www.sjdl.qc.ca\/fr\/citoyens_reglements.asp#batiments\" target=\"_blank\">Saint-Joseph-du-Lac<\/a><\/li>\n<li><a href=\"https:\/\/www.saint-lin-laurentides.com\/index.php?option=com_content&amp;view=article&amp;id=78&amp;Itemid=319&amp;jsmallfib=1&amp;dir=JSROOT\/formulaires\/urbanisme&amp;download_file=JSROOT\/formulaires\/urbanisme\/info+-+b%E2timent+accessoire+remise.pdf\" target=\"_blank\">Saint-Lin-Laurentides<\/a><\/li>\n<li><a href=\"https:\/\/municipalitesaintsulpice.com\/index.php?mod=page_texte&amp;id=4\" target=\"_blank\">Saint-Sulpice<\/a><\/li>\n<li><a href=\"https:\/\/www.ville.terrebonne.qc.ca\/documents\/urbanisme\/fiche_cabanon.pdf\" target=\"_blank\">Terrebonne<\/a><\/li>\n<li><a href=\"https:\/\/www.ville.lorraine.qc.ca\/remise-a-jardin-et-cabanon\" target=\"_blank\">Ville de lorraine<\/a><\/li>\n<\/ul>\n","protected":false},"excerpt":{"rendered":"<p>Depending on which city you live, some laws may apply. Please refer to the regulations in your area before making a purchase. &nbsp; Montreal regulations Ahuntsic-Cartierville Anjou Baie-D&#8217;Urf\u00e9 Beaconsfield C\u00f4te-Saint-Luc Dollard-Des Ormeaux Dorval Hampstead Kirkland L&#8217;\u00cele-Bizard\u2014Sainte-Genevi\u00e8ve LaSalle Le Sud-Ouest Mercier\u2014Hochelaga-Maisonneuve Montr\u00e9al Est Mont-Royal Outremont Pierrefonds-Roxboro Pointe-Claire Sainte Anne de Bellevue Saint-Laurent Saint-L\u00e9onard Senneville Ville de [&hellip;]<\/p>\n","protected":false},"author":7,"featured_media":0,"parent":0,"menu_order":8,"comment_status":"closed","ping_status":"closed","template":"reglementation.php","meta":{"_monsterinsights_skip_tracking":false,"_monsterinsights_sitenote_active":false,"_monsterinsights_sitenote_note":"","_monsterinsights_sitenote_category":0,"footnotes":""},"class_list":["post-391","page","type-page","status-publish","hentry"],"_links":{"self":[{"href":"https:\/\/www.cabanonsquebecois.com\/en\/wp-json\/wp\/v2\/pages\/391","targetHints":{"allow":["GET"]}}],"collection":[{"href":"https:\/\/www.cabanonsquebecois.com\/en\/wp-json\/wp\/v2\/pages"}],"about":[{"href":"https:\/\/www.cabanonsquebecois.com\/en\/wp-json\/wp\/v2\/types\/page"}],"author":[{"embeddable":true,"href":"https:\/\/www.cabanonsquebecois.com\/en\/wp-json\/wp\/v2\/users\/7"}],"replies":[{"embeddable":true,"href":"https:\/\/www.cabanonsquebecois.com\/en\/wp-json\/wp\/v2\/comments?post=391"}],"version-history":[{"count":0,"href":"https:\/\/www.cabanonsquebecois.com\/en\/wp-json\/wp\/v2\/pages\/391\/revisions"}],"wp:attachment":[{"href":"https:\/\/www.cabanonsquebecois.com\/en\/wp-json\/wp\/v2\/media?parent=391"}],"curies":[{"name":"wp","href":"https:\/\/api.w.org\/{rel}","templated":true}]}}